{"id":1731,"date":"2016-09-16T14:07:47","date_gmt":"2016-09-16T07:07:47","guid":{"rendered":"https:\/\/www.marinethai.net\/?post_type=product&#038;p=1731"},"modified":"2026-04-12T00:51:53","modified_gmt":"2026-04-11T17:51:53","slug":"linethrower","status":"publish","type":"product","link":"https:\/\/www.marinethai.net\/en\/product\/linethrower\/","title":{"rendered":"Linethrower"},"content":{"rendered":"<p>[vc_row][vc_column][vc_row_inner][vc_column_inner][vc_column_text]<\/p>\n<h2><span style=\"color: #ff0000;\">Linethrower 250M<\/span><\/h2>\n<p>A self-contained line-throwing appliance consisting of a plastic case with an end cap and Linethrower 250m of line, an integral striker mechanism plus a rocket.<\/p>\n<p>Item Nos. Complete unit 9502000 \u2022 body and line 9500700 \u2022 Rocket 9500800<\/p>\n<p>A self-contained line-throwing appliance consisting of a weatherproof plastic casing with end cap, twist-grip trigger assembly, rocket and line. To comply with SOLAS requirements, four complete rocket and line assemblies (Item No, 9502000) should be carried on board. The device has a throwing range of between 230m and 250m. A solid propellant is used which guarantees a highly accurate flight path even in strong sidewinds.[\/vc_column_text][vc_single_image image=&#8221;3217&#8243; img_size=&#8221;full&#8221; alignment=&#8221;center&#8221;][\/vc_column_inner][\/vc_row_inner][vc_row_inner][vc_column_inner][vc_column_text]<\/p>\n<h3>Application<\/h3>\n<p>The Pains Wessex 250 is designed for ease of operation in the most extreme weather conditions. it can be used in all situations where a line is required to be passed accurately and quickly, these include<\/p>\n<ul>\n<li>All line-throwing operations at sea between vessels, ship-to-shore, shore-to-ship and shore based rescue services.<\/li>\n<li>Rescue of swimmers in distress.<\/li>\n<li>Line carrying across obstacles and rough terrain.<\/li>\n<\/ul>\n<h3>Operation<\/h3>\n<p><img loading=\"lazy\" decoding=\"async\" class=\"aligncenter size-full wp-image-3214\" src=\"https:\/\/www.marinethai.net\/wp-content\/uploads\/2016\/09\/6d9.png\" alt=\"\" width=\"354\" height=\"85\" srcset=\"https:\/\/www.marinethai.net\/wp-content\/uploads\/2016\/09\/6d9.png 354w, https:\/\/www.marinethai.net\/wp-content\/uploads\/2016\/09\/6d9-300x72.png 300w\" sizes=\"auto, (max-width: 354px) 100vw, 354px\" \/><\/p>\n<ol>\n<li>Remove the front cover and point in the desired flight direction.<\/li>\n<li>Pull out safety pin.<\/li>\n<li>Aim over the top of target. Be prepared for recoil.<\/li>\n<li>Turn grip to left or right to fire.<\/li>\n<li>if misfire occurs hold unit in firing position for at least 60 seconds, then dispose of overboard.<\/li>\n<\/ol>\n<h3>Product Life<\/h3>\n<ul>\n<li>Body and line kit : 9 years<\/li>\n<li>Spare rockets are available to replace consumed or time expired rockets.<\/li>\n<li>Rocket 3 years<\/li>\n<\/ul>\n<h3>Packing &amp; Transport information<\/h3>\n<p>body and Line, less rocket in packing case, L 37 cm ( 14.57 ins) x W 27 cm ( 10.63 ins ) x H 26 cm ( 10.24 ins)<\/p>\n<ul>\n<li>Gross weight 4.2 kg (9.26 lb)<\/li>\n<li>Net weight 3.6 kg (7.94 lb)<\/li>\n<li>Other information : Non-hazardous <strong>20 Spare Rockets\u00a0<\/strong>in metal tin in a fibreboard box, L 37 cm (14.57 ins) x W 27 cm (10.63 ins ) x H 26 cm (10.24 ins)<\/li>\n<li>Gross Weight Max : 11.19 kg (24.67 lb)<\/li>\n<li>Net Weight Max : 9.44 kg (20.81 lb)<\/li>\n<li>Net Explosive Content per box : 2.36 kg (5.2 lb)<\/li>\n<li>Hazard class 1.4G<\/li>\n<li>Un 0431<\/li>\n<li>Proper shipping name : Articles, Pyrotechnic<\/li>\n<li>Other Information : Cargo Aircraft Only<\/li>\n<\/ul>\n<h3>Specifications<\/h3>\n<p>Projects a line to a nominal range of 250 m calm conditions.<\/p>\n<ul>\n<li>Length : 33 cm (13.o ins)<\/li>\n<li>Height : 31.3 cm (12.3 ins)<\/li>\n<li>Diameter : 20.5 cm (8.1 ins)<\/li>\n<li>Weight : 4.4 kg ( 9.7 lb)<\/li>\n<li>Rocket Weight Max : 472 g ( 1 lb )<\/li>\n<li>Explosive Content Max : 118 g (4.16 oz )<\/li>\n<li>Line breaking strain : &gt; 2 kn<\/li>\n<\/ul>\n<p><img loading=\"lazy\" decoding=\"async\" class=\"aligncenter size-full wp-image-3215\" src=\"https:\/\/www.marinethai.net\/wp-content\/uploads\/2016\/09\/9d9.png\" alt=\"\" width=\"263\" height=\"241\" \/><\/p>\n<h3>Storage<\/h3>\n<p>This compact appliance is ideally stored in a water-resistant locker at ambient temperature allowing easy access in an emergency. The set of 4 appliances normally carried onboard can be dispersed in strategic positions throughout the vessel.<\/p>\n<h3>Approvals<\/h3>\n<p>Conforms to : BAM-P2-0014, 0589-P2-0016, SOLAS 74 as amended, IMO resolutions MSC 81(70) Part 1, (MED) 96\/98\/EC, BGV 424.003, SAS S010012, USCG \u2022 and other major maritime authorities worldwide.<\/p>\n<p><img loading=\"lazy\" decoding=\"async\" class=\"aligncenter size-full wp-image-3216\" src=\"https:\/\/www.marinethai.net\/wp-content\/uploads\/2016\/09\/9s.png\" alt=\"\" width=\"711\" height=\"102\" srcset=\"https:\/\/www.marinethai.net\/wp-content\/uploads\/2016\/09\/9s.png 711w, https:\/\/www.marinethai.net\/wp-content\/uploads\/2016\/09\/9s-600x86.png 600w, https:\/\/www.marinethai.net\/wp-content\/uploads\/2016\/09\/9s-300x43.png 300w\" sizes=\"auto, (max-width: 711px) 100vw, 711px\" \/><\/p>\n<h3><span style=\"color: #ff0000;\">Ficha t\u00e9cnica<\/span><\/h3>\n<p>Equipo Lanzacabos 9502000\/ Envase mas cabo 9500700\/ Cohete 9500800<\/p>\n<p>[\/vc_column_text][\/vc_column_inner][\/vc_row_inner][vc_row_inner][vc_column_inner width=&#8221;1\/3&#8243;][vc_single_image image=&#8221;3217&#8243; img_size=&#8221;full&#8221; alignment=&#8221;center&#8221;][\/vc_column_inner][vc_column_inner width=&#8221;2\/3&#8243;][vc_column_text]Este equipo de seguridad consiste en un envase de pl\u00e1stico estanco con una tapa, sistema de accionamiento, cohete lanzacabos y un cabo.<\/p>\n<p>Para cumplir con el SOLAS el barco debe llevar cuatro equipos completos de cohete y cabo (9502000) El equipo tiene un rango de lanzamiento entre 230 y 250m. Se utiliza un propelante s\u00f3lido que garantiza una trayectoria de vuelo de alta precisi\u00f3n incluso con vientos laterales furetes.[\/vc_column_text][\/vc_column_inner][\/vc_row_inner][vc_row_inner][vc_column_inner][vc_column_text]<\/p>\n<h3>Aplicaciones<\/h3>\n<p>El lanzacabos Pains Wessex 250 est\u00e1 dise\u00f1ado para facilitar el uso en la mayoria de condiciones clim\u00e1ticas extremas. Se puede utilizar en todas las situaciones donde se requiere lanzar una linea con preci\u00f3n y repidez,\u00a0\u00e9sto incluye :<\/p>\n<ul>\n<li>Toda la l\u00ednea de lanzamiento de operaciones en el mar entre buques, buque-costera, costera-buque y los servicios de rescate basado en tierra.<\/li>\n<li>Rescate de los nadadores en apuros.<\/li>\n<li>L\u00ednea para llevar a trav\u00e9s de obst\u00e1culos y terrenos dificiles<\/li>\n<\/ul>\n<h3>Especificaciones<\/h3>\n<p>[\/vc_column_text][\/vc_column_inner][\/vc_row_inner][vc_row_inner][vc_column_inner width=&#8221;1\/3&#8243;][vc_single_image image=&#8221;3218&#8243; img_size=&#8221;full&#8221; alignment=&#8221;center&#8221;][\/vc_column_inner][vc_column_inner width=&#8221;2\/3&#8243;][vc_column_text]<\/p>\n<ul>\n<li>Altura : 330 mm<\/li>\n<li>Di\u00e1metro : 205 mm<\/li>\n<li>Peso : 4,4 Kg<\/li>\n<li>Peso max. cohete ): 472 g<\/li>\n<li>Contenido masa pirot\u00e9cnica : 118 g<\/li>\n<li>Resistencia a la rotura de la linea &gt; 2 KN<\/li>\n<\/ul>\n<p>[\/vc_column_text][\/vc_column_inner][\/vc_row_inner][vc_row_inner][vc_column_inner][vc_column_text]<\/p>\n<h3>Instrucciones<\/h3>\n<p><img loading=\"lazy\" decoding=\"async\" class=\"aligncenter wp-image-3219 size-full\" src=\"https:\/\/www.marinethai.net\/wp-content\/uploads\/2016\/09\/8d.png\" alt=\"Instrucciones\" width=\"343\" height=\"87\" srcset=\"https:\/\/www.marinethai.net\/wp-content\/uploads\/2016\/09\/8d.png 343w, https:\/\/www.marinethai.net\/wp-content\/uploads\/2016\/09\/8d-300x76.png 300w\" sizes=\"auto, (max-width: 343px) 100vw, 343px\" \/><\/p>\n<ol>\n<li>Quitar la tapa frontal y apuntar en la direcci\u00f3n deseada<\/li>\n<li>Soltar la clavija de seguridad<\/li>\n<li>Apuntar hacia arriba. Se produce retroceso.<\/li>\n<\/ol>\n<h3><span style=\"color: #ff0000;\">Ficha t\u00e9cnica<\/span><\/h3>\n<p>Equipo Lanzacabos 9502000\/ Envase mas cabo 9500700\/ Cohete 9500800<\/p>\n<ul>\n<li>Gire el agarra a la izquierda o derecha para disparar<\/li>\n<li>.si se produce fallo de encendido mantener la unidad en posici\u00f3n de disparo durante al menos 60 segundos, a continuaci\u00f3n desechar el equipo fuera del barco.<\/li>\n<\/ul>\n<h3>Vida\u00a0\u00fatil :<\/h3>\n<ul>\n<li>Equipo de envase mas cabo : 9 a\u00f1os<\/li>\n<li>Cohete 3 a\u00f1os<\/li>\n<li>Los cohetes caducados o utilizados pueden ser reemplazados<\/li>\n<\/ul>\n<h3>Almacenamiento<\/h3>\n<p>Esta compacta unidad debe ser preferiblemente almacenada en una zona alejada del agua y a temperatura ambiente pero de f\u00e1cil acceso en caso de emergencia. El equipo de 4 unidades normalmente se lleva a bordo colocado en posiciones estrat\u00e9gicas.<\/p>\n<h3>Embalaje y condiciones de transporte<\/h3>\n<p>Envase m\u00e1s l\u00ednea, excepto el cohete<\/p>\n<ul>\n<li>Medidas de la caja : 370 x 270 x 260 mm<\/li>\n<li>Peso bruto : 4,2 Kgs<\/li>\n<li>Peso Neto : 3,6 Kg<\/li>\n<li>Otra informaci\u00f3n : No peligroso<\/li>\n<\/ul>\n<h3>20 cohetes en envase met\u00e1lico y una caja<\/h3>\n<ul>\n<li>Medidas de la caja : 370 x 270 x 260 mm<\/li>\n<li>Peso bruto : 11,19 kgs<\/li>\n<li>Peso Neto : 9,44 kg<\/li>\n<li>Contenido neto de explosivo por caja : 2,36 kg<\/li>\n<li>Clase de riesgo : 1.4 G UN 0431<\/li>\n<li>Denominaci\u00f3n : Articulos pirot\u00e9cnicos.<\/li>\n<li>Otra informaci\u00f3n : solo en aviones de carga<\/li>\n<\/ul>\n<h3>Cerificaciones<\/h3>\n<p>Conforme con : BAM-P2-0014, 0589-P2-00016, SOLAS 74 y enmiendas. Resoluci\u00f3n IMO MSC 81 (70), parte 1. MED:96\/98\/EC, BGV 424.003,SAS S010012, USCG y otras autoridades maritimas.<\/p>\n<h3><span style=\"color: #ff0000;\">Ficha t\u00e9cnica<\/span><\/h3>\n<p>Equipo Lanzacabos 9502000\/ Envase mas cabo 9500700\/ Cohete 9500800[\/vc_column_text][\/vc_column_inner][\/vc_row_inner][vc_row_inner][vc_column_inner width=&#8221;2\/3&#8243;][vc_column_text]<\/p>\n<h3><span style=\"color: #ff0000;\">PRECAUCIONES<\/span><\/h3>\n<ul>\n<li>Expulsa un proyectil- . No apuntar a personas u objetos<\/li>\n<li>No usar en sitios cerrados.<\/li>\n<li>Mantener fuera del alcance de los ni\u00f1os.<\/li>\n<li>Usar solo en el mar caso de emergencia.<\/li>\n<li>No usar si se encuentra da\u00f1ado o abollado.<\/li>\n<li>No desmontar.<\/li>\n<li>Mantener lejos de fuentes de calor.<\/li>\n<li>No usar despu\u00e9s de la fecha de caducidad.<\/li>\n<\/ul>\n<p>[\/vc_column_text][\/vc_column_inner][vc_column_inner width=&#8221;1\/3&#8243;][vc_single_image image=&#8221;3220&#8243; img_size=&#8221;full&#8221; alignment=&#8221;center&#8221;][\/vc_column_inner][\/vc_row_inner][vc_row_inner][vc_column_inner][vc_column_text]<span style=\"color: #ff0000;\">ELIMINACION<\/span><\/p>\n<p>Los residuos pirot\u00e9cnicos deben ser tratados como residuos peligrosos y deben ser gestionados de acuerdo con la normativa local. En caso de duda puede visitar nuestra p\u00e1gina web www.painswessex.com[\/vc_column_text][\/vc_column_inner][\/vc_row_inner][\/vc_column][\/vc_row][vc_row][vc_column][vc_row_inner][vc_column_inner][vc_column_text]Contact : <a href=\"011111&quot;https:\/\/www.marinethai.net\/&quot;\">Marinethai.net<\/a><br \/>\nSocial : <a href=\"https:\/\/www.facebook.com\/marinethai\/\" target=\"_blank\" rel=\"noopener\">Facebook<\/a><br \/>\n[\/vc_column_text][\/vc_column_inner][\/vc_row_inner][\/vc_column][\/vc_row]<\/p>\n","protected":false},"excerpt":{"rendered":"<p>[vc_row][vc_column][vc_row_inner][vc_column_inner][vc_column_text] Linethrower 250M A self-contained line-throwing appliance consisting of a plastic case with an end cap and Linethrower 250m of line, an integral striker mechanism plus a rocket. Item Nos. Complete unit 9502000 \u2022 body and line 9500700 \u2022 Rocket 9500800 A self-contained line-throwing appliance consisting of a weatherproof plastic casing with end cap, twist-grip [&hellip;]<\/p>\n","protected":false},"featured_media":1820,"comment_status":"open","ping_status":"closed","template":"","meta":[],"product_cat":[61,15],"product_tag":[416,444,446,442,445,417],"class_list":["post-1731","product","type-product","status-publish","has-post-thumbnail","hentry","product_cat-mob-life-buoy-light","product_cat-life-saving-equipment","product_tag-life-saving-equipment","product_tag-linethrower","product_tag-linethrower-250","product_tag-moblife-buoylight","product_tag-445","product_tag-417"],"_links":{"self":[{"href":"https:\/\/www.marinethai.net\/en\/wp-json\/wp\/v2\/product\/1731","targetHints":{"allow":["GET"]}}],"collection":[{"href":"https:\/\/www.marinethai.net\/en\/wp-json\/wp\/v2\/product"}],"about":[{"href":"https:\/\/www.marinethai.net\/en\/wp-json\/wp\/v2\/types\/product"}],"replies":[{"embeddable":true,"href":"https:\/\/www.marinethai.net\/en\/wp-json\/wp\/v2\/comments?post=1731"}],"wp:featuredmedia":[{"embeddable":true,"href":"https:\/\/www.marinethai.net\/en\/wp-json\/wp\/v2\/media\/1820"}],"wp:attachment":[{"href":"https:\/\/www.marinethai.net\/en\/wp-json\/wp\/v2\/media?parent=1731"}],"wp:term":[{"taxonomy":"product_cat","embeddable":true,"href":"https:\/\/www.marinethai.net\/en\/wp-json\/wp\/v2\/product_cat?post=1731"},{"taxonomy":"product_tag","embeddable":true,"href":"https:\/\/www.marinethai.net\/en\/wp-json\/wp\/v2\/product_tag?post=1731"}],"curies":[{"name":"wp","href":"https:\/\/api.w.org\/{rel}","templated":true}]}}