{"id":1700,"date":"2016-09-16T13:31:49","date_gmt":"2016-09-16T06:31:49","guid":{"rendered":"https:\/\/www.marinethai.net\/?post_type=product&#038;p=1700"},"modified":"2024-08-23T02:47:05","modified_gmt":"2024-08-22T19:47:05","slug":"solas-lifesmoke","status":"publish","type":"product","link":"https:\/\/www.marinethai.net\/en\/product\/solas-lifesmoke\/","title":{"rendered":"SOLAS Lifesmoke"},"content":{"rendered":"<p>[vc_row][vc_column][vc_row_inner][vc_column_inner][vc_column_text]<\/p>\n<h2><span style=\"color: #ff0000;\">SOLAS <\/span><span style=\"color: #ff0000;\">Lifesmoke Mk9<\/span><\/h2>\n<p>The NEW Pains Wessex Lifesmoke MK9 is a compact, flat top, day time distress signal designed to be easy and safe to handle. It provides effective position marking during rescue operations and can be used to indicate wind direction, producing dense orange smoke for a minimum of 3 minutes.[\/vc_column_text][\/vc_column_inner][\/vc_row_inner][vc_row_inner][vc_column_inner width=&#8221;1\/2&#8243;][vc_single_image image=&#8221;3192&#8243; img_size=&#8221;full&#8221; alignment=&#8221;center&#8221;][\/vc_column_inner][vc_column_inner width=&#8221;1\/2&#8243;][vc_column_text]<\/p>\n<h2><span style=\"color: #ff6600;\">Lifesmoke MK9<\/span><\/h2>\n<p>item No. 9537000<\/p>\n<p>The Lifesmoke MK9 is a compact, daylight distress signal designed to be easy and safe to handle. It provides effective position marking during rescue operations and can be used to indicate wind direction, producing dense orange smoke for a minimum of 3 minutes.[\/vc_column_text][\/vc_column_inner][\/vc_row_inner][vc_row_inner][vc_column_inner][vc_column_text]<\/p>\n<h3>Application<\/h3>\n<p>The Pains Wessex Lifesmoke MK9 is a small and compact distress signal for daylight use designed for stowage in liferafts and life boats. SOLAS requires 2 smoke signals per raft\/boat.<\/p>\n<ul>\n<li>Signal for position marking during rescue operations<\/li>\n<li>Indicates wind direction<\/li>\n<li>Safe use on oil or petrol covered water<\/li>\n<li>Conforming to SOLAS 74 as amended<\/li>\n<li>Ideal also for leisure boats<\/li>\n<\/ul>\n<h3>Operation<\/h3>\n<p><img loading=\"lazy\" decoding=\"async\" class=\"aligncenter size-full wp-image-3193\" src=\"https:\/\/www.marinethai.net\/wp-content\/uploads\/2016\/09\/8-5.png\" alt=\"\" width=\"341\" height=\"114\" srcset=\"https:\/\/www.marinethai.net\/wp-content\/uploads\/2016\/09\/8-5.png 341w, https:\/\/www.marinethai.net\/wp-content\/uploads\/2016\/09\/8-5-300x100.png 300w\" sizes=\"auto, (max-width: 341px) 100vw, 341px\" \/><\/p>\n<ol>\n<li>Remove plastic cap. Point away from body.<\/li>\n<li>Pull tab firmly away from canister. Ensure hand remains clear of HOT END.<\/li>\n<li>Throw Lifesmoke overboard immediately. Smoke will be emitted after a 2 second delay.<\/li>\n<\/ol>\n<h3>Packing &amp; Transport Information<\/h3>\n<ul>\n<li>24 signals in 1 fiberboard box<\/li>\n<li>Gross weight 9.6 kg (21.2 lbs)<\/li>\n<li>Net weight 8.88 kg (19.58 Ib)<\/li>\n<li>Measurements of fibreboard box : 37 \u00a0x 27 x 26 cms (15 x 11 x 10 ins)<\/li>\n<li>Net Explosive Content per box : 5.74 kg (12.66 lb )<\/li>\n<li>Hazard Class 1.4S<\/li>\n<li>UN 0507<\/li>\n<li>Proper Shipping Name : Signals, Smoke<\/li>\n<li>Other Information : Passenger and Cargo Aircraft<\/li>\n<\/ul>\n<h3>Specifications<\/h3>\n<ul>\n<li>Height : 114 mm (4.5 ins)<\/li>\n<li>Diameter : 82 mm (3.2 ins)<\/li>\n<li>Gross Weight Max . 370g (13.05 oz)<\/li>\n<li>NEC Max . 239g (8.43 oz)<\/li>\n<li>Burning time : 3 minutes minimum<\/li>\n<li>Colour of smoke : orange<\/li>\n<li>Ignition : percussion ignitor with 2 seconds safety delay<\/li>\n<\/ul>\n<p><img loading=\"lazy\" decoding=\"async\" class=\"aligncenter size-full wp-image-3194\" src=\"https:\/\/www.marinethai.net\/wp-content\/uploads\/2016\/09\/6d6.png\" alt=\"\" width=\"247\" height=\"231\" \/><\/p>\n<h3>Storage<\/h3>\n<p>This compact unit is ideally stored in a water-resistant locker at ambient temperature allowing easy access in an emergency or in the robust, specially designed polybottle.<\/p>\n<h3>Approvals<\/h3>\n<p>Conforms to SOLAS 74 as amended, Res, MSC 81 (70). Approvals: CE 0589, BAM-P1-0191, 0589-P1-0324, BGV MED 423.008, USCG 160.122\/21\/0, 160.022\/21\/0, TC 006.032.044<\/p>\n<p><img loading=\"lazy\" decoding=\"async\" class=\"aligncenter size-full wp-image-3195\" src=\"https:\/\/www.marinethai.net\/wp-content\/uploads\/2016\/09\/s9s9.png\" alt=\"\" width=\"710\" height=\"104\" srcset=\"https:\/\/www.marinethai.net\/wp-content\/uploads\/2016\/09\/s9s9.png 710w, https:\/\/www.marinethai.net\/wp-content\/uploads\/2016\/09\/s9s9-600x88.png 600w, https:\/\/www.marinethai.net\/wp-content\/uploads\/2016\/09\/s9s9-300x44.png 300w\" sizes=\"auto, (max-width: 710px) 100vw, 710px\" \/><\/p>\n<p>&nbsp;<\/p>\n<h3><span style=\"color: #ff0000;\">Ficha t\u00e9cnica<\/span><\/h3>\n<p>Bote de humo MK9 ITEM N\u00b0 9537000[\/vc_column_text][\/vc_column_inner][\/vc_row_inner][vc_row_inner][vc_column_inner width=&#8221;1\/3&#8243;][vc_single_image image=&#8221;3196&#8243; img_size=&#8221;full&#8221; alignment=&#8221;center&#8221;][\/vc_column_inner][vc_column_inner width=&#8221;2\/3&#8243;][vc_column_text]<\/p>\n<p>EI bote de Humo MK9 de Pain Wessex es una se\u00f1al diurna de emergencia compacta, dise\u00f1ada para ser sencilla y segura de manejar. Permite una efectiva se\u00f1alizaci\u00f3n<\/p>\n<p>de posici\u00f3n durante las operaciones de rescate y puede ser utilizada para indicar la direcci\u00f3n del viento, produciendo denso humo naranja durante un minimo de 3 minutos.[\/vc_column_text][\/vc_column_inner][\/vc_row_inner][vc_row_inner][vc_column_inner][vc_column_text]<\/p>\n<h3>Prestaciones<\/h3>\n<p>EI Bote de Humo MK9 de Pain Wessex es una se\u00f1al diurna de emergencia compacta dise\u00f1ada para ser almacenada en balsas o botes salvavidas. SOLAS demanda 2 se\u00f1ales de humo por balsa\/bote.<\/p>\n<ul>\n<li>Se\u00f1alizaci\u00f3n de posici\u00f3n durante las operaciones de rescate.<\/li>\n<li>Indica la direcci\u00f3n del viento.<\/li>\n<li>Uso seguro sobre agua con aceite o petr\u00f3leo.<\/li>\n<li>Conforme a SOLAS 74\/88 y sus modificaciones.<\/li>\n<li>Perfecto tambi\u00e9n para embarcaciones de recreo.<\/li>\n<\/ul>\n<h3>Almacenamiento<\/h3>\n<p>Esta unidad compacta debe ser almacenada a temperatura ambiente en una caja resistente al agua que permita f\u00e1cil acceso en caso de emergencia o en un recipiente robusto especialmente dise\u00f1ado.<\/p>\n<h2><span style=\"color: #ff0000;\">Ficha t\u00e9cnica<\/span><\/h2>\n<p>Bote de humo MK9 ITEM N\u00b0 9537000<\/p>\n<h3>Instrucciones<\/h3>\n<p><img loading=\"lazy\" decoding=\"async\" class=\"aligncenter size-full wp-image-3197\" src=\"https:\/\/www.marinethai.net\/wp-content\/uploads\/2016\/09\/213.png\" alt=\"\" width=\"499\" height=\"172\" srcset=\"https:\/\/www.marinethai.net\/wp-content\/uploads\/2016\/09\/213.png 499w, https:\/\/www.marinethai.net\/wp-content\/uploads\/2016\/09\/213-300x103.png 300w\" sizes=\"auto, (max-width: 499px) 100vw, 499px\" \/><\/p>\n<ol>\n<li>Retirar la tapa de pl\u00e1stico. No apuntar hacia el cuerpo.<\/li>\n<li>Estirar fuertemente de la anilla. Asegurarse de que de la mano no bloquee la salida de humo.<\/li>\n<li>Lanzar el bote de humo inmediatamente. El humo comenzar\u00e1 a salir 2 segundos despu\u00e9s de retirar la anilla.<\/li>\n<\/ol>\n<p>[\/vc_column_text][\/vc_column_inner][\/vc_row_inner][vc_row_inner][vc_column_inner width=&#8221;2\/3&#8243;][vc_column_text]<span style=\"color: #ff0000;\">PRECAUCIONES<\/span><\/p>\n<ul>\n<li>Produce humo denso. No inhalar.<\/li>\n<li>No encender en un sitio cerrado.<\/li>\n<li>Mantener fuera del alcance de los ni\u00f1os.<\/li>\n<li>S\u00f3lo para uso de emergencia en el mar.<\/li>\n<li>No usar si se encuentra da\u00f1ado o abollado.<\/li>\n<li>No desmontar.<\/li>\n<li>Mantener alejado de fuentes de calor.<\/li>\n<li>No usar con la fecha de caducidad expirada.<\/li>\n<\/ul>\n<p>[\/vc_column_text][\/vc_column_inner][vc_column_inner width=&#8221;1\/3&#8243;][vc_single_image image=&#8221;3199&#8243; img_size=&#8221;full&#8221; alignment=&#8221;center&#8221;][\/vc_column_inner][\/vc_row_inner][vc_row_inner][vc_column_inner][vc_column_text]<span style=\"color: #ff0000;\">ELIMINACION<\/span><\/p>\n<p>Los residuos pirot\u00e9cnicos deben ser tratados como residuos peligrosos y deben ser gestionados de acuerdo con la normativa del lugar. En caso de duda puede visitar nuestra p\u00e1gina web www.painswessex.com<\/p>\n<h2><span style=\"color: #ff0000;\">Ficha t\u00e9cnica<\/span><\/h2>\n<p>Bote de humo MK9 ITEM N\u00b0 9537000<\/p>\n<p><img loading=\"lazy\" decoding=\"async\" class=\"aligncenter size-full wp-image-3200\" src=\"https:\/\/www.marinethai.net\/wp-content\/uploads\/2016\/09\/3d2d.png\" alt=\"\" width=\"313\" height=\"327\" srcset=\"https:\/\/www.marinethai.net\/wp-content\/uploads\/2016\/09\/3d2d.png 313w, https:\/\/www.marinethai.net\/wp-content\/uploads\/2016\/09\/3d2d-287x300.png 287w\" sizes=\"auto, (max-width: 313px) 100vw, 313px\" \/><\/p>\n<h3>Especificaciones<\/h3>\n<ul>\n<li>Altura : 114 mm (4,5 ins)<\/li>\n<li>Diametro : 82 mm (3,2 ins)<\/li>\n<li>Peso Max. : 370 g (13,05 oz)<\/li>\n<li>Contenido masa pirot\u00e9cnica: 239 g (8,43 oz)<\/li>\n<li>Duraci\u00f3n humo : 3 minutos minimo.<\/li>\n<li>Color del humo : naranja.<\/li>\n<li>Ignici\u00f3n : encendido por percusi\u00f3n con 2 segundos de demora de seguridad.<\/li>\n<\/ul>\n<h3>Certificaciones<\/h3>\n<p>Conforme a SOLAS 74\/88 y modificaciones, Res, MSC 81 (70).<\/p>\n<p>Certificaciones: CE 0589, BAM-P1-0191, 0589-P1-0324, BGV MED 423.008, USCG 160.122\/21\/0, 160.022\/21\/0, TC 006.032.044.<\/p>\n<h2><span style=\"color: #ff0000;\">Ficha t\u00e9cnica<\/span><\/h2>\n<p>Bote de humo MK9 ITEM N\u00b0 9537000<\/p>\n<h3>Embalaje y condiciones de transporte<\/h3>\n<ul>\n<li>24 se\u00f1ales en 1 caja.<\/li>\n<li>Peso bruto : 9,6 kgs (21.2 Lbs)<\/li>\n<li>Peso Neto : 8,88 kg (19.58 Lbs)<\/li>\n<li>Medidas de la caja : 37 x 27 x 26 cms(15 x 11 x 10 Ins)<\/li>\n<li>Contenido neto de explosivo por caja : 5,74 Kg (12,66 Lb)<\/li>\n<li>Clase de riesgo : 1.4 S<\/li>\n<li>UN 0507<\/li>\n<li>Nombre de embalaje correcto : Se\u00f1ales, Humo.<\/li>\n<li>Otra informaci\u00f3n : Aviones de carga y de pasajeros.<\/li>\n<\/ul>\n<p>[\/vc_column_text][\/vc_column_inner][\/vc_row_inner][vc_column_text]<\/p>\n<h1><\/h1>\n<p>[\/vc_column_text][\/vc_column][\/vc_row][vc_row][vc_column][vc_video link=&#8221;https:\/\/www.youtube.com\/watch?v=Aah8HMLyJHk&#8221;][\/vc_column][\/vc_row]<\/p>","protected":false},"excerpt":{"rendered":"<p>[vc_row][vc_column][vc_row_inner][vc_column_inner][vc_column_text] SOLAS Lifesmoke Mk9 The NEW Pains Wessex Lifesmoke MK9 is a compact, flat top, day time distress signal designed to be easy and safe to handle. It provides effective position marking during rescue operations and can be used to indicate wind direction, producing dense orange smoke for a minimum of 3 minutes.[\/vc_column_text][\/vc_column_inner][\/vc_row_inner][vc_row_inner][vc_column_inner width=&#8221;1\/2&#8243;][vc_single_image image=&#8221;3192&#8243; [&hellip;]<\/p>\n","protected":false},"featured_media":1824,"comment_status":"open","ping_status":"closed","template":"","meta":[],"product_cat":[63,15],"product_tag":[416,436,434,437,429,435,707,428,417],"class_list":["post-1700","product","type-product","status-publish","has-post-thumbnail","hentry","product_cat-pyrotechnics","product_cat-life-saving-equipment","product_tag-life-saving-equipment","product_tag-lifesmoke-mk9","product_tag-pains-wessex","product_tag-pains-wessex-lifesmoke-mk9","product_tag-pyrotechnics","product_tag-solas-lifesmoke","product_tag-solas-lifesmoke-mk9","product_tag-428","product_tag-417"],"_links":{"self":[{"href":"https:\/\/www.marinethai.net\/en\/wp-json\/wp\/v2\/product\/1700","targetHints":{"allow":["GET"]}}],"collection":[{"href":"https:\/\/www.marinethai.net\/en\/wp-json\/wp\/v2\/product"}],"about":[{"href":"https:\/\/www.marinethai.net\/en\/wp-json\/wp\/v2\/types\/product"}],"replies":[{"embeddable":true,"href":"https:\/\/www.marinethai.net\/en\/wp-json\/wp\/v2\/comments?post=1700"}],"wp:featuredmedia":[{"embeddable":true,"href":"https:\/\/www.marinethai.net\/en\/wp-json\/wp\/v2\/media\/1824"}],"wp:attachment":[{"href":"https:\/\/www.marinethai.net\/en\/wp-json\/wp\/v2\/media?parent=1700"}],"wp:term":[{"taxonomy":"product_cat","embeddable":true,"href":"https:\/\/www.marinethai.net\/en\/wp-json\/wp\/v2\/product_cat?post=1700"},{"taxonomy":"product_tag","embeddable":true,"href":"https:\/\/www.marinethai.net\/en\/wp-json\/wp\/v2\/product_tag?post=1700"}],"curies":[{"name":"wp","href":"https:\/\/api.w.org\/{rel}","templated":true}]}}